{"id":237,"date":"2016-10-14T16:39:59","date_gmt":"2016-10-14T14:39:59","guid":{"rendered":"http:\/\/130.180.89.78\/smuthaus\/?page_id=237"},"modified":"2025-08-12T15:42:47","modified_gmt":"2025-08-12T13:42:47","slug":"agb","status":"publish","type":"page","link":"https:\/\/www.smuthaus.de\/index.php\/agb\/","title":{"rendered":"AGB"},"content":{"rendered":"<h1><u>Allgemeine Gesch\u00e4ftsbedingungen<\/u><\/h1>\n<p>Die folgenden Gesch\u00e4ftsbedingungen gelten f\u00fcr die Kochschule Smuthaus, Auf den St\u00fccken 15a, 58455 Witten und sind Bestandteil Ihrer Buchung.<\/p>\n<h2>Anmeldung<\/h2>\n<p>Die Anmeldung kann per Email erfolgen. Mit der Anmeldung bietet der Kunde der Firma Smuthaus den Abschluss des Vertrages an. Nach der Anmeldung erh\u00e4lt der Kursteilnehmer per Email eine schriftliche Best\u00e4tigung seiner Anmeldung. Der Vertrag kommt damit zustande.<\/p>\n<h2>Gesundheitsgef\u00e4hrdung<\/h2>\n<p>Der Kursteilnehmer verpflichtet sich eventuell vorhandene Allergien, gesundheitliche Einschr\u00e4nkungen, Krankheiten und \u00c4hnliches, die ihn bzw. andere Teilnehmer des Kurses gef\u00e4hrden oder gef\u00e4hrden k\u00f6nnten, vor Beginn des Kurses anzuzeigen.<\/p>\n<h2>Gutscheine<\/h2>\n<p>Gutscheine besitzen eine 2-j\u00e4hrige G\u00fcltigkeit, so lange mit ihnen noch kein Kochkurs verbindlich gebucht wurde. Eine R\u00fcckgabe gegen Erstattung des Gutscheinwertes ist nicht m\u00f6glich. Die Firma Smuthaus verpflichtet sich zur Durchf\u00fchrung des Kochkurses f\u00fcr das zum Zeitpunkt der Ausstellung des Gutscheins geltende Kursentgelt f\u00fcr die Dauer von 6 Monaten. Sollte ein Gutschein zu einem sp\u00e4teren Zeitpunkt eingel\u00f6st werden, so hat der Inhaber des Gutscheines den entsprechenden Differenzbetrag zum dann aktuellen Kochkursentgelt zu zahlen.<\/p>\n<h2>Haftung<\/h2>\n<p>Die Firma Smuthaus \u00fcbernimmt keine Haftung f\u00fcr Sach- und Personensch\u00e4den, die in Zusammenhang mit einer Kursveranstaltung entstehen. Die Teilnahme erfolgt grunds\u00e4tzlich auf eigene Gefahr. Dieses gilt auch f\u00fcr Lebensmittelallergien und sonstige k\u00f6rperlichen Reaktionen auf alle verwendeten Lebensmittel und Getr\u00e4nke. Sch\u00e4den, die der Teilnehmer in der Kochschule verursacht, sind vollst\u00e4ndig zu ersetzen. Bucht ein Teilnehmer f\u00fcr andere Teilnehmer (z.B. Komplettbuchung einer Firma, Geburtstagsfeier oder \u00c4hnliches), so haftet er f\u00fcr den durch seinen Gast verursachten Schaden, neben dem Sch\u00e4diger selbst.<\/p>\n<h2>Kursgeb\u00fchren<\/h2>\n<p>Angegebene Kursgeb\u00fchren verstehen sich inklusive Mehrwertsteuer. Insofern dieses in der Kursbeschreibung nicht anders definiert wurde, gilt die Geb\u00fchr pro Person inklusive der die Veranstaltung begleitenden Getr\u00e4nke (Aperitif, Wein, Wasser, Kaffee, Digestif) f\u00fcr die Dauer von 4-5 Stunden.<br \/>\nAnfallende Kursgeb\u00fchren m\u00fcssen innerhalb von 7 Tagen nach Erhalt der Reservierungsbest\u00e4tigung beglichen werden. Wir behalten uns vor, bei nicht rechtzeitigem Eingang ihre Reservierung zu stornieren.<\/p>\n<h2>Termine<\/h2>\n<p>Die Firma Smuthaus bem\u00fcht sich um Einhaltung der angegebenen Kochkurs-Termine. Sie beh\u00e4lt sich allerdings vor, Kochkurse auf Grund h\u00f6herer Gewalt zu verschieben. Die Kursteilnehmer werden entsprechend informiert. Die Firma Smuthaus beh\u00e4lt sich weiter vor, Termine f\u00fcr Kurse bis zu sieben Tage vor Kursbeginn ganz abzusagen, sollte die erforderliche Mindestteilnehmerzahl von 6 Personen nicht erreicht werden. In diesem Fall k\u00f6nnen bereits entrichtete Kursgeb\u00fchren erstattet oder f\u00fcr einen alternativen Kurs mit gleicher Wertigkeit verwendet werden. Weitergehender Anspruch auf Schadensersatz wird ausgeschlossen.<br \/>\nErkrankt die K\u00f6chin ist eine kurzfristigere Absage zum Schutz der Teilnehmer unumg\u00e4nglich. Die Teilnehmer werden dann informiert. Auch in diesem Fall kann die bereits entrichtete Kursgeb\u00fchr erstattet oder f\u00fcr einen alternativen Kurs mit gleicher Wertigkeit verwendet werden.<br \/>\n\u00c4nderungen der Zutaten, Inhalte, Gerichte sowie Referenten des Kurses behalten wir uns vor, auch wenn sie nach M\u00f6glichkeit vermieden werden.<\/p>\n<h2>Vorzeitiger R\u00fccktritt eines Teilnehmers:<\/h2>\n<p>Ein gebuchter Kurs kann sp\u00e4testens 14 Tage vor dem Termin storniert oder kostenlos umgebucht werden. Bei einer Kursbuchung mit 6 oder mehr Personen kann sp\u00e4testens 28 Tage vor dem Termin storniert oder kostenlos umgebucht werden.<\/p>\n<p>Bei einer kurzfristigen Stornierung behalten wir uns vor eine Stornierungsgeb\u00fchr oder die vollen Kursgeb\u00fchren zu berechnen. Es steht ihnen aber frei, den Kurs auf eine andere Person zu \u00fcbertragen. Bei einer unangemeldeten nicht Inanspruchnahme des gebuchten Kurses existiert kein Recht auf Ersatz oder R\u00fcckzahlung der entrichteten Geb\u00fchr.<\/p>\n<p>Wir akzeptieren nur schriftliche Abmeldungen, die wir dann best\u00e4tigen. Sie m\u00fcssen eine Stornierungsbest\u00e4tigung anfordern. Telefonische Abmeldungen bed\u00fcrfen nachtr\u00e4glich noch der Schriftform, per Mail oder Brief.<\/p>\n<h2>Gerichtsstand:<\/h2>\n<p>Gerichtsstand ist Witten.<\/p>\n<h2>Textformerfordernis:<\/h2>\n<p>Abweichende Vereinbarungen bed\u00fcrfen zu ihrer Wirksamkeit der Textform.<\/p>\n<h2>Salvatorische Klausel:<\/h2>\n<p>Sollte eine der vorgenannten Regelungen den Kursteilnehmer in unangemessener Art und Weise benachteiligen, so ist diese Regelung durch eine benachteiligungsfreie, wirtschaftlich sinnvolle und entsprechend rechtlich zul\u00e4ssige Bestimmung zu ersetzen. Die Rechtswirksamkeit der \u00fcbrigen Regelungen dieser allgemeinen Gesch\u00e4ftsbedingungen wird dadurch nicht tangiert.<\/p>\n","protected":false},"excerpt":{"rendered":"<p>Allgemeine Gesch\u00e4ftsbedingungen Die folgenden Gesch\u00e4ftsbedingungen gelten f\u00fcr die Kochschule Smuthaus, Auf den St\u00fccken 15a, 58455 Witten und sind Bestandteil Ihrer Buchung. Anmeldung Die Anmeldung kann per Email erfolgen. Mit der Anmeldung bietet der Kunde der Firma Smuthaus den Abschluss des Vertrages an. Nach der Anmeldung erh\u00e4lt der Kursteilnehmer per Email eine schriftliche Best\u00e4tigung seiner Anmeldung. [&hellip;]<\/p>\n","protected":false},"author":1,"featured_media":0,"parent":0,"menu_order":0,"comment_status":"closed","ping_status":"closed","template":"","meta":{"footnotes":""},"class_list":["post-237","page","type-page","status-publish","hentry"],"_links":{"self":[{"href":"https:\/\/www.smuthaus.de\/index.php\/wp-json\/wp\/v2\/pages\/237","targetHints":{"allow":["GET"]}}],"collection":[{"href":"https:\/\/www.smuthaus.de\/index.php\/wp-json\/wp\/v2\/pages"}],"about":[{"href":"https:\/\/www.smuthaus.de\/index.php\/wp-json\/wp\/v2\/types\/page"}],"author":[{"embeddable":true,"href":"https:\/\/www.smuthaus.de\/index.php\/wp-json\/wp\/v2\/users\/1"}],"replies":[{"embeddable":true,"href":"https:\/\/www.smuthaus.de\/index.php\/wp-json\/wp\/v2\/comments?post=237"}],"version-history":[{"count":8,"href":"https:\/\/www.smuthaus.de\/index.php\/wp-json\/wp\/v2\/pages\/237\/revisions"}],"predecessor-version":[{"id":3095,"href":"https:\/\/www.smuthaus.de\/index.php\/wp-json\/wp\/v2\/pages\/237\/revisions\/3095"}],"wp:attachment":[{"href":"https:\/\/www.smuthaus.de\/index.php\/wp-json\/wp\/v2\/media?parent=237"}],"curies":[{"name":"wp","href":"https:\/\/api.w.org\/{rel}","templated":true}]}}