{"id":29,"date":"2016-07-20T17:37:16","date_gmt":"2016-07-20T15:37:16","guid":{"rendered":"http:\/\/192.168.0.67\/smuthaus\/?page_id=29"},"modified":"2018-10-02T17:03:07","modified_gmt":"2018-10-02T15:03:07","slug":"das_haus","status":"publish","type":"page","link":"https:\/\/www.smuthaus.de\/index.php\/das_haus\/","title":{"rendered":"Das Smuthaus"},"content":{"rendered":"<p><strong><img loading=\"lazy\" decoding=\"async\" class=\"alignleft size-medium wp-image-455\" src=\"http:\/\/www.smuthaus.de\/wp-content\/uploads\/2016\/07\/smuthaus-287x300.jpg\" alt=\"\" width=\"287\" height=\"300\" srcset=\"https:\/\/www.smuthaus.de\/wp-content\/uploads\/2016\/07\/smuthaus-287x300.jpg 287w, https:\/\/www.smuthaus.de\/wp-content\/uploads\/2016\/07\/smuthaus-768x803.jpg 768w, https:\/\/www.smuthaus.de\/wp-content\/uploads\/2016\/07\/smuthaus-979x1024.jpg 979w\" sizes=\"auto, (max-width: 287px) 100vw, 287px\" \/>Die Idee<\/strong><br \/>\nEinen Raum zu schaffen, in dem unsere Nahrung die Hauptrolle spielt und sich gute Zutaten, Kochspa\u00df und Kreativit\u00e4t harmonisch miteinander verbinden.<\/p>\n<p>&nbsp;<\/p>\n<p><strong>Die Locat<a href=\"http:\/\/www.smuthaus.de\/wp-content\/uploads\/2016\/07\/smuthaus_kueche.jpg\"><img loading=\"lazy\" decoding=\"async\" class=\"alignleft wp-image-456 size-thumbnail\" src=\"http:\/\/www.smuthaus.de\/wp-content\/uploads\/2016\/07\/smuthaus_kueche-150x150.jpg\" alt=\"smuthaus_kueche\" width=\"150\" height=\"150\" \/><\/a>ion<\/strong><\/p>\n<p style=\"text-align: left;\">Ganz fr\u00fcher einmal Tanzpavillon des Sch\u00fctzenhofes\u00a0Stracke gewesen, nach dem Krieg zu Wohnraum umgestaltet und nun zur Kochschule avanciert. Renoviert, neu eingerichtet und mit hochwertigen Ger\u00e4ten vom Dampfgarer \u00fcber Thermomix bis hin zum Induktionskochfeld ausgestattet, liegt das Smuthaus im gr\u00fcnen Papenholz von Witten. Der Kemnader Stausee und die <a href=\"http:\/\/www.smuthaus.de\/wp-content\/uploads\/2016\/07\/smuthaus_tisch.jpg\"><img loading=\"lazy\" decoding=\"async\" class=\"alignleft wp-image-457 size-thumbnail\" src=\"http:\/\/www.smuthaus.de\/wp-content\/uploads\/2016\/07\/smuthaus_tisch-150x150.jpg\" alt=\"smuthaus_tisch\" width=\"150\" height=\"150\" \/><\/a>Bochumer Universit\u00e4t befinden sich in unmittelbarer N\u00e4he.<\/p>\n<p style=\"text-align: left;\">\n","protected":false},"excerpt":{"rendered":"<p>Die Idee Einen Raum zu schaffen, in dem unsere Nahrung die Hauptrolle spielt und sich gute Zutaten, Kochspa\u00df und Kreativit\u00e4t harmonisch miteinander verbinden. &nbsp; Die Location Ganz fr\u00fcher einmal Tanzpavillon des Sch\u00fctzenhofes\u00a0Stracke gewesen, nach dem Krieg zu Wohnraum umgestaltet und nun zur Kochschule avanciert. Renoviert, neu eingerichtet und mit hochwertigen Ger\u00e4ten vom Dampfgarer \u00fcber Thermomix [&hellip;]<\/p>\n","protected":false},"author":1,"featured_media":0,"parent":0,"menu_order":0,"comment_status":"closed","ping_status":"closed","template":"","meta":{"footnotes":""},"class_list":["post-29","page","type-page","status-publish","hentry"],"_links":{"self":[{"href":"https:\/\/www.smuthaus.de\/index.php\/wp-json\/wp\/v2\/pages\/29","targetHints":{"allow":["GET"]}}],"collection":[{"href":"https:\/\/www.smuthaus.de\/index.php\/wp-json\/wp\/v2\/pages"}],"about":[{"href":"https:\/\/www.smuthaus.de\/index.php\/wp-json\/wp\/v2\/types\/page"}],"author":[{"embeddable":true,"href":"https:\/\/www.smuthaus.de\/index.php\/wp-json\/wp\/v2\/users\/1"}],"replies":[{"embeddable":true,"href":"https:\/\/www.smuthaus.de\/index.php\/wp-json\/wp\/v2\/comments?post=29"}],"version-history":[{"count":18,"href":"https:\/\/www.smuthaus.de\/index.php\/wp-json\/wp\/v2\/pages\/29\/revisions"}],"predecessor-version":[{"id":1265,"href":"https:\/\/www.smuthaus.de\/index.php\/wp-json\/wp\/v2\/pages\/29\/revisions\/1265"}],"wp:attachment":[{"href":"https:\/\/www.smuthaus.de\/index.php\/wp-json\/wp\/v2\/media?parent=29"}],"curies":[{"name":"wp","href":"https:\/\/api.w.org\/{rel}","templated":true}]}}