{"id":35,"date":"2016-07-20T17:38:19","date_gmt":"2016-07-20T15:38:19","guid":{"rendered":"http:\/\/192.168.0.67\/smuthaus\/?page_id=35"},"modified":"2020-08-18T17:27:19","modified_gmt":"2020-08-18T15:27:19","slug":"event","status":"publish","type":"page","link":"https:\/\/www.smuthaus.de\/index.php\/event\/","title":{"rendered":"Event"},"content":{"rendered":"<p><!--<img loading=\"lazy\" decoding=\"async\" class=\"aligncenter wp-image-299 size-large\" src=\"http:\/\/\/smuthaus.de\/wp-content\/uploads\/2016\/10\/DSC_0418-1024x683.jpg\" alt=\"DSC_0418\" width=\"1024\" height=\"683\" srcset=\"https:\/\/www.smuthaus.de\/wp-content\/uploads\/2016\/10\/DSC_0418-1024x683.jpg 1024w, https:\/\/www.smuthaus.de\/wp-content\/uploads\/2016\/10\/DSC_0418-300x200.jpg 300w, https:\/\/www.smuthaus.de\/wp-content\/uploads\/2016\/10\/DSC_0418-768x512.jpg 768w\" sizes=\"auto, (max-width: 1024px) 100vw, 1024px\" \/>--><\/p>\n<p style=\"text-align: justify;\">Wie w\u00e4re es mit Eurer pers\u00f6nlichen K\u00fcchenparty, vielleicht mit Freunden, Kollegen oder Verwandten? Auch toll als TeamBuilding! Kreiert Euer Lieblingsmen\u00fc oder lasst Euch verw\u00f6hnen. Vielleicht auch eine Mischung daraus. Das Smuthaus bietet Platz bis zu 8-10 Personen und ist an diesem Tag exklusiv f\u00fcr Sie da.<\/p>\n<div class=\"frm_forms  with_frm_style frm_style_formidable-style\" id=\"frm_form_1_container\" >\n<form enctype=\"multipart\/form-data\" method=\"post\" class=\"frm-show-form  frm_js_validate \" id=\"form_kontaktformular\" >\n<div class=\"frm_form_fields \">\n<fieldset>\n<legend class=\"frm_screen_reader\">Kontaktformular<\/legend>\r\n\r\n<div class=\"frm_fields_container\">\n<input type=\"hidden\" name=\"frm_action\" value=\"create\" \/>\n<input type=\"hidden\" name=\"form_id\" value=\"1\" \/>\n<input type=\"hidden\" name=\"frm_hide_fields_1\" id=\"frm_hide_fields_1\" value=\"\" \/>\n<input type=\"hidden\" name=\"form_key\" value=\"kontaktformular\" \/>\n<input type=\"hidden\" name=\"item_meta[0]\" value=\"\" \/>\n<input type=\"hidden\" id=\"frm_submit_entry_1\" name=\"frm_submit_entry_1\" value=\"fb2e1722ad\" \/><input type=\"hidden\" name=\"_wp_http_referer\" value=\"\/index.php\/wp-json\/wp\/v2\/pages\/35\" \/><div id=\"frm_field_8_container\" class=\"frm_form_field form-field  frm_required_field frm_top_container\">\r\n    <label for=\"field_s5h7q\" id=\"field_s5h7q_label\" class=\"frm_primary_label\">Vorname\r\n        <span class=\"frm_required\">*<\/span>\r\n    <\/label>\r\n    <input type=\"text\" id=\"field_s5h7q\" name=\"item_meta[8]\" value=\"\"  data-reqmsg=\"Dieses Feld darf nicht leer sein.\" aria-required=\"true\" data-invmsg=\"Text ist ung\u00fcltig\" aria-invalid=\"false\"  \/>\r\n    \r\n    \r\n<\/div>\n<div id=\"frm_field_7_container\" class=\"frm_form_field form-field  frm_required_field frm_top_container\">\r\n    <label for=\"field_qrjuw\" id=\"field_qrjuw_label\" class=\"frm_primary_label\">Nachname\r\n        <span class=\"frm_required\">*<\/span>\r\n    <\/label>\r\n    <input type=\"text\" id=\"field_qrjuw\" name=\"item_meta[7]\" value=\"\"  data-reqmsg=\"Dieses Feld darf nicht leer sein.\" aria-required=\"true\" data-invmsg=\"Text ist ung\u00fcltig\" aria-invalid=\"false\"  \/>\r\n    \r\n    \r\n<\/div>\n<div id=\"frm_field_3_container\" class=\"frm_form_field form-field  frm_required_field frm_top_container frm_full\">\r\n    <label for=\"field_29yf4d\" id=\"field_29yf4d_label\" class=\"frm_primary_label\">Email\r\n        <span class=\"frm_required\">*<\/span>\r\n    <\/label>\r\n    <input type=\"email\" id=\"field_29yf4d\" name=\"item_meta[3]\" value=\"\"  data-reqmsg=\"Dieses Feld darf nicht leer sein.\" aria-required=\"true\" data-invmsg=\"Please enter a valid email address\" aria-invalid=\"false\"  \/>\r\n    \r\n    \r\n<\/div>\n<div id=\"frm_field_4_container\" class=\"frm_form_field form-field  frm_required_field frm_top_container frm_full\">\r\n    <label for=\"field_e6lis6\" id=\"field_e6lis6_label\" class=\"frm_primary_label\">Betreff\r\n        <span class=\"frm_required\">*<\/span>\r\n    <\/label>\r\n    <input type=\"text\" id=\"field_e6lis6\" name=\"item_meta[4]\" value=\"\"  data-reqmsg=\"Dieses Feld darf nicht leer sein.\" aria-required=\"true\" data-invmsg=\"Subject ist ung\u00fcltig\" aria-invalid=\"false\"  \/>\r\n    \r\n    \r\n<\/div>\n<div id=\"frm_field_5_container\" class=\"frm_form_field form-field  frm_required_field frm_top_container frm_full frm12\">\r\n    <label for=\"field_9jv0r1\" id=\"field_9jv0r1_label\" class=\"frm_primary_label\">Nachricht\r\n        <span class=\"frm_required\">*<\/span>\r\n    <\/label>\r\n    <textarea name=\"item_meta[5]\" id=\"field_9jv0r1\" rows=\"5\"  data-reqmsg=\"Dieses Feld darf nicht leer sein.\" aria-required=\"true\" data-invmsg=\"Nachricht ist ung\u00fcltig\" aria-invalid=\"false\"  ><\/textarea>\r\n    \r\n    \r\n<\/div>\n<div id=\"frm_field_6_container\" class=\"frm_form_field form-field  frm_top_container\">\r\n    <label for=\"field_fvai9\" id=\"field_fvai9_label\" class=\"frm_primary_label\">Gutscheincode\r\n        <span class=\"frm_required\"><\/span>\r\n    <\/label>\r\n    <input type=\"text\" id=\"field_fvai9\" name=\"item_meta[6]\" value=\"\"  data-invmsg=\"Text ist ung\u00fcltig\" aria-invalid=\"false\"  \/>\r\n    \r\n    \r\n<\/div>\n<div id=\"frm_field_9_container\" class=\"frm_form_field form-field  frm_none_container\">\r\n    <label for=\"g-recaptcha-response\" id=\"field_hc339_label\" class=\"frm_primary_label\">reCAPTCHA\r\n        <span class=\"frm_required\"><\/span>\r\n    <\/label>\r\n    <div  id=\"field_hc339\" class=\"frm-g-recaptcha\" data-sitekey=\"6Ldug8AZAAAAAKzwV4FFQNtFRntURL_QidVSHg-u\" data-size=\"normal\" data-theme=\"light\"><\/div>\r\n    \r\n    \r\n<\/div>\n<div id=\"frm_field_46_container\" class=\"frm_form_field form-field \">\n\t<div class=\"frm_submit\">\r\n\r\n<button class=\"frm_button_submit\" type=\"submit\"  >Senden<\/button>\r\n\r\n<\/div>\n<\/div>\n\t<input type=\"hidden\" name=\"item_key\" value=\"\" \/>\n\t\t\t<div id=\"frm_field_47_container\">\n\t\t\t<label for=\"field_9r18a\" >\n\t\t\t\tFalls Du menschlich bist, lasse dieses Feld leer.\t\t\t<\/label>\n\t\t\t<input  id=\"field_9r18a\" type=\"text\" class=\"frm_form_field form-field frm_verify\" name=\"item_meta[47]\" value=\"\"  \/>\n\t\t<\/div>\n\t\t<input name=\"frm_state\" type=\"hidden\" value=\"2gALldG5HSPhYw4xZo5kd7xEKsn0eMw3+\/tvl+hujvo=\" \/><\/div>\n<\/fieldset>\n<\/div>\n\n<\/form>\n<\/div>\n\n","protected":false},"excerpt":{"rendered":"<p>Wie w\u00e4re es mit Eurer pers\u00f6nlichen K\u00fcchenparty, vielleicht mit Freunden, Kollegen oder Verwandten? Auch toll als TeamBuilding! Kreiert Euer Lieblingsmen\u00fc oder lasst Euch verw\u00f6hnen. Vielleicht auch eine Mischung daraus. Das Smuthaus bietet Platz bis zu 8-10 Personen und ist an diesem Tag exklusiv f\u00fcr Sie da.<\/p>\n","protected":false},"author":1,"featured_media":0,"parent":0,"menu_order":0,"comment_status":"closed","ping_status":"closed","template":"","meta":{"footnotes":""},"class_list":["post-35","page","type-page","status-publish","hentry"],"_links":{"self":[{"href":"https:\/\/www.smuthaus.de\/index.php\/wp-json\/wp\/v2\/pages\/35","targetHints":{"allow":["GET"]}}],"collection":[{"href":"https:\/\/www.smuthaus.de\/index.php\/wp-json\/wp\/v2\/pages"}],"about":[{"href":"https:\/\/www.smuthaus.de\/index.php\/wp-json\/wp\/v2\/types\/page"}],"author":[{"embeddable":true,"href":"https:\/\/www.smuthaus.de\/index.php\/wp-json\/wp\/v2\/users\/1"}],"replies":[{"embeddable":true,"href":"https:\/\/www.smuthaus.de\/index.php\/wp-json\/wp\/v2\/comments?post=35"}],"version-history":[{"count":20,"href":"https:\/\/www.smuthaus.de\/index.php\/wp-json\/wp\/v2\/pages\/35\/revisions"}],"predecessor-version":[{"id":1965,"href":"https:\/\/www.smuthaus.de\/index.php\/wp-json\/wp\/v2\/pages\/35\/revisions\/1965"}],"wp:attachment":[{"href":"https:\/\/www.smuthaus.de\/index.php\/wp-json\/wp\/v2\/media?parent=35"}],"curies":[{"name":"wp","href":"https:\/\/api.w.org\/{rel}","templated":true}]}}