{"id":37,"date":"2016-07-20T17:38:37","date_gmt":"2016-07-20T15:38:37","guid":{"rendered":"http:\/\/192.168.0.67\/smuthaus\/?page_id=37"},"modified":"2017-04-28T22:48:24","modified_gmt":"2017-04-28T20:48:24","slug":"gutschein","status":"publish","type":"page","link":"https:\/\/www.smuthaus.de\/index.php\/gutschein\/","title":{"rendered":"Gutschein"},"content":{"rendered":"<p>Gutscheine gibt es f\u00fcr einen ausgew\u00e4hlten Kurs oder gerne auch \u00fcber einen individuellen Geldbetrag. Schreibt mir einfach Euren Wunsch oder ruft an.<\/p>\n<p><iframe loading=\"lazy\" src=\"http:\/\/www.smuthaus.de\/kontaktform.html\" width=\"80%\" height=\"800px\" frameborder=\"0\" scrolling=\"no\"><\/iframe><\/p>\n","protected":false},"excerpt":{"rendered":"<p>Gutscheine gibt es f\u00fcr einen ausgew\u00e4hlten Kurs oder gerne auch \u00fcber einen individuellen Geldbetrag. Schreibt mir einfach Euren Wunsch oder ruft an.<\/p>\n","protected":false},"author":1,"featured_media":0,"parent":0,"menu_order":0,"comment_status":"closed","ping_status":"closed","template":"","meta":{"footnotes":""},"class_list":["post-37","page","type-page","status-publish","hentry"],"_links":{"self":[{"href":"https:\/\/www.smuthaus.de\/index.php\/wp-json\/wp\/v2\/pages\/37","targetHints":{"allow":["GET"]}}],"collection":[{"href":"https:\/\/www.smuthaus.de\/index.php\/wp-json\/wp\/v2\/pages"}],"about":[{"href":"https:\/\/www.smuthaus.de\/index.php\/wp-json\/wp\/v2\/types\/page"}],"author":[{"embeddable":true,"href":"https:\/\/www.smuthaus.de\/index.php\/wp-json\/wp\/v2\/users\/1"}],"replies":[{"embeddable":true,"href":"https:\/\/www.smuthaus.de\/index.php\/wp-json\/wp\/v2\/comments?post=37"}],"version-history":[{"count":5,"href":"https:\/\/www.smuthaus.de\/index.php\/wp-json\/wp\/v2\/pages\/37\/revisions"}],"predecessor-version":[{"id":871,"href":"https:\/\/www.smuthaus.de\/index.php\/wp-json\/wp\/v2\/pages\/37\/revisions\/871"}],"wp:attachment":[{"href":"https:\/\/www.smuthaus.de\/index.php\/wp-json\/wp\/v2\/media?parent=37"}],"curies":[{"name":"wp","href":"https:\/\/api.w.org\/{rel}","templated":true}]}}