{"id":5,"date":"2016-07-14T18:07:58","date_gmt":"2016-07-14T16:07:58","guid":{"rendered":"http:\/\/192.168.0.67\/smuthaus\/?page_id=5"},"modified":"2026-03-13T16:03:35","modified_gmt":"2026-03-13T15:03:35","slug":"kochevent","status":"publish","type":"page","link":"https:\/\/www.smuthaus.de\/index.php\/kochevent\/","title":{"rendered":"Kurse"},"content":{"rendered":"\n<p><strong>M\u00e4rz &#8211; Dezember 2026<\/strong><\/p>\n\n\n\n<p><\/p>\n\n\n\n<div class=\"wp-block-group\"><div class=\"wp-block-group__inner-container is-layout-constrained wp-block-group-is-layout-constrained\">\n<figure class=\"wp-block-table is-style-stripes\"><table><tbody><tr><td>DO 30.04.26<\/td><td><a href=\"https:\/\/www.smuthaus.de\/index.php\/2023\/11\/14\/tapas-de-espanha\/\" data-type=\"post\" data-id=\"2734\">Tapas de Espanha<\/a><\/td><\/tr><tr><td>FR 22.05.26<\/td><td><a href=\"https:\/\/www.smuthaus.de\/index.php\/2025\/01\/23\/fruehling-mit-spargel-erdbeeren-fisch\/\" data-type=\"post\" data-id=\"3024\">Fr\u00fchling mit Spargel, Erdbeeren &amp; Fisch<\/a><\/td><\/tr><tr><td>FR 26.06.26<\/td><td><a href=\"https:\/\/www.smuthaus.de\/index.php\/2024\/12\/02\/die-kueche-siziliens\/\" data-type=\"post\" data-id=\"2938\">Die K\u00fcche Siziliens<\/a><\/td><\/tr><tr><td>MI 22.07.26<\/td><td><a href=\"https:\/\/www.smuthaus.de\/index.php\/2023\/07\/19\/andalusien\/\" data-type=\"post\" data-id=\"2605\">Andalusien \u2013 die hei\u00dfe Sonne S\u00fcdspaniens!<\/a><\/td><\/tr><tr><td>FR 28.08.26<\/td><td><a href=\"https:\/\/www.smuthaus.de\/index.php\/2020\/11\/10\/cozinha-portuguesa\/\" data-type=\"post\" data-id=\"2033\">Cozinha Portuguesa<\/a><\/td><\/tr><tr><td>FR 11.09.26<\/td><td><a href=\"https:\/\/www.smuthaus.de\/index.php\/2026\/03\/05\/levante-kueche\/\" data-type=\"post\" data-id=\"3330\">Levante K\u00fcche<\/a><\/td><\/tr><tr><td>FR 25.09.26<\/td><td><a href=\"https:\/\/www.smuthaus.de\/index.php\/2023\/11\/14\/cucina-italiana-2\/\" data-type=\"post\" data-id=\"2752\">Cucina Italiana<\/a><\/td><\/tr><tr><td>FR 23.10.26<\/td><td><a href=\"https:\/\/www.smuthaus.de\/index.php\/2026\/03\/10\/tapas-de-espanha-2-0\/\" data-type=\"post\" data-id=\"3383\">Tapas de Espanha 2.0<\/a><\/td><\/tr><tr><td>MI 04.11.26<\/td><td><a href=\"https:\/\/www.smuthaus.de\/index.php\/2024\/03\/12\/flotte-veggie-bowls\/\" data-type=\"post\" data-id=\"2801\">Flotte Mittags Bowl<\/a><\/td><\/tr><tr><td>FR 20.11.26<\/td><td><a href=\"https:\/\/www.smuthaus.de\/index.php\/2026\/03\/13\/ottolenghi-style\/\" data-type=\"post\" data-id=\"3392\">Ottolenghi Style<\/a><\/td><\/tr><tr><td>FR 11.12.26<\/td><td><a href=\"https:\/\/www.smuthaus.de\/index.php\/2023\/01\/31\/wilder-geht-nicht\/\" data-type=\"post\" data-id=\"2554\">Wilder geht nicht..<\/a><\/td><\/tr><\/tbody><\/table><\/figure>\n<\/div><\/div>\n\n\n\n<h3 class=\"wp-block-heading\"><strong>Partner<\/strong><\/h3>\n\n\n\n<p><a href=\"http:\/\/www.trantenrother-hof.de\">Trantenrother Hof <\/a> mit Obst &amp; Gem\u00fcse in Bioqualit\u00e4t.<\/p>\n\n\n\n<p><a href=\"http:\/\/www.hevenerfeld.de\">Hevener Feld<\/a> mit Gem\u00fcse in Bioqualit\u00e4t.<\/p>\n\n\n\n<div class=\"wp-block-group\"><div class=\"wp-block-group__inner-container is-layout-constrained wp-block-group-is-layout-constrained\"><\/div><\/div>\n\n\n\n<div class=\"wp-block-query is-layout-flow wp-block-query-is-layout-flow\"><\/div>\n\n\n\n<pre class=\"wp-block-code\"><code><\/code><\/pre>\n","protected":false},"excerpt":{"rendered":"<p>M\u00e4rz &#8211; Dezember 2026 DO 30.04.26 Tapas de Espanha FR 22.05.26 Fr\u00fchling mit Spargel, Erdbeeren &amp; Fisch FR 26.06.26 Die K\u00fcche Siziliens MI 22.07.26 Andalusien \u2013 die hei\u00dfe Sonne S\u00fcdspaniens! FR 28.08.26 Cozinha Portuguesa FR 11.09.26 Levante K\u00fcche FR 25.09.26 Cucina Italiana FR 23.10.26 Tapas de Espanha 2.0 MI 04.11.26 Flotte Mittags Bowl FR 20.11.26 [&hellip;]<\/p>\n","protected":false},"author":1,"featured_media":295,"parent":0,"menu_order":0,"comment_status":"closed","ping_status":"closed","template":"","meta":{"footnotes":""},"class_list":["post-5","page","type-page","status-publish","has-post-thumbnail","hentry"],"_links":{"self":[{"href":"https:\/\/www.smuthaus.de\/index.php\/wp-json\/wp\/v2\/pages\/5","targetHints":{"allow":["GET"]}}],"collection":[{"href":"https:\/\/www.smuthaus.de\/index.php\/wp-json\/wp\/v2\/pages"}],"about":[{"href":"https:\/\/www.smuthaus.de\/index.php\/wp-json\/wp\/v2\/types\/page"}],"author":[{"embeddable":true,"href":"https:\/\/www.smuthaus.de\/index.php\/wp-json\/wp\/v2\/users\/1"}],"replies":[{"embeddable":true,"href":"https:\/\/www.smuthaus.de\/index.php\/wp-json\/wp\/v2\/comments?post=5"}],"version-history":[{"count":812,"href":"https:\/\/www.smuthaus.de\/index.php\/wp-json\/wp\/v2\/pages\/5\/revisions"}],"predecessor-version":[{"id":3423,"href":"https:\/\/www.smuthaus.de\/index.php\/wp-json\/wp\/v2\/pages\/5\/revisions\/3423"}],"wp:featuredmedia":[{"embeddable":true,"href":"https:\/\/www.smuthaus.de\/index.php\/wp-json\/wp\/v2\/media\/295"}],"wp:attachment":[{"href":"https:\/\/www.smuthaus.de\/index.php\/wp-json\/wp\/v2\/media?parent=5"}],"curies":[{"name":"wp","href":"https:\/\/api.w.org\/{rel}","templated":true}]}}